{"id":3,"date":"2024-03-18T12:22:03","date_gmt":"2024-03-18T11:22:03","guid":{"rendered":"https:\/\/fogondemariana.com\/?page_id=3"},"modified":"2024-06-25T11:52:17","modified_gmt":"2024-06-25T09:52:17","slug":"politica-privacidad","status":"publish","type":"page","link":"https:\/\/fogondemariana.com\/en\/politica-privacidad\/","title":{"rendered":"Pol\u00edtica de privacidad"},"content":{"rendered":"<h2 class=\"wp-block-heading\">Aviso Legal y Privacidad<\/h2>\n\n\n\n<p>De conformidad con la Ley 34\/2002 de 11 de julio y dem\u00e1s legislaci\u00f3n concordante, EL FOG\u00d3N DE MARIANA, (que aglutina al grupo Fogones de Ag\u00fcito S.L., y Bey Brothers Food S.L.), manifiesta que cuenta con Domicilio Social en C\/ MEC\u00c1NICOS 26 \u2013 11100 SAN FERNANDO, C\u00c1DIZ y email de contacto:&nbsp; info@elfogondemariana.com<\/p>\n\n\n\n<p>Las presentes condiciones legales regulan el uso y las condiciones de acceso del sitio Web EL FOG\u00d3N DE MARIANA, (de ahora en adelante el \u00absitio\u00bb). El uso o el acceso a este sitio implica que usted (en adelante \u00abusuario\u00bb) reconoce haber le\u00eddo y comprendido las presentes informaciones en su totalidad. Si usted como usuario no est\u00e1 de acuerdo con alguna de las presentes condiciones deber\u00e1 dejar de acceder a este sitio.<\/p>\n\n\n\n<h2 class=\"wp-block-heading\">Aviso de Privacidad<\/h2>\n\n\n\n<h3 class=\"wp-block-heading\">A) Informaci\u00f3n confidencial:<\/h3>\n\n\n\n<p>Se entiende por \u00abinformaci\u00f3n confidencial\u00bb toda aquella informaci\u00f3n o dato provisto por usted en nuestra web.<\/p>\n\n\n\n<p>As\u00ed, a t\u00edtulo enunciativo, que no limitativo, se entiende como informaci\u00f3n confidencial toda informaci\u00f3n personal de forma no restrictiva: N\u00fameros de tel\u00e9fono, n\u00fameros de faxes, direcciones nacionales de identidad, detalles de tarjetas de cr\u00e9dito\/d\u00e9bito, preferencias personales, particularidades o cualquier otra informaci\u00f3n que le pertenezca y sea relevante para la contrataci\u00f3n o pago de la reserva de usted o del grupo en nombre del cual contrata.<\/p>\n\n\n\n<p>En ning\u00fan caso tendr\u00e1 car\u00e1cter de confidencial la informaci\u00f3n referente a:<\/p>\n\n\n\n<ul class=\"wp-block-list\">\n<li>Cualquier tema que aparezca de forma p\u00fablica o que pase a ser de dominio p\u00fablico a no ser que haya llegado a ser de dominio p\u00fablico a causa del incumplimiento de una de\u00a0 las partes.<\/li>\n\n\n\n<li>Cualquier informaci\u00f3n o conocimiento (Know-How) adquirido de terceros.<\/li>\n\n\n\n<li>Divulgaci\u00f3n requerida por Ley.<\/li>\n\n\n\n<li>Divulgaci\u00f3n de cualquier informaci\u00f3n a petici\u00f3n de Jueces o Tribunales.<\/li>\n\n\n\n<li>Informaci\u00f3n referente a datos econ\u00f3micos o de otra \u00edndole que deban ser aportados ante la Administraci\u00f3n estatal, local o auton\u00f3mica, por requerimientos fiscales, laborales o de contrataci\u00f3n administrativa.<\/li>\n<\/ul>\n\n\n\n<h3 class=\"wp-block-heading\">B) Acceso a datos personales<\/h3>\n\n\n\n<div class=\"wp-block-columns alignwide are-vertically-aligned-center is-not-stacked-on-mobile is-layout-flex wp-container-core-columns-is-layout-28f84493 wp-block-columns-is-layout-flex\" style=\"border-width:1px\">\n<div class=\"wp-block-column is-vertically-aligned-center is-layout-flow wp-block-column-is-layout-flow\" style=\"flex-basis:33.33%\">\n<p>RESPONSABLE<\/p>\n<\/div>\n\n\n\n<div class=\"wp-block-column is-vertically-aligned-center is-layout-flow wp-block-column-is-layout-flow\" style=\"flex-basis:66.66%\">\n<p>Identidad:\u00a0<strong>EL FOG\u00d3N DE MARIANA.<\/strong><br>Correo electr\u00f3nico: info@elfogondemariana.com<br>Delegado de Protecci\u00f3n de Datos:\u00a0<strong>MENTORA GROWTH, SLL.<\/strong><br>Contacto del DPO: dpo@mentora.es<\/p>\n<\/div>\n<\/div>\n\n\n\n<div class=\"wp-block-columns alignwide are-vertically-aligned-center is-not-stacked-on-mobile is-layout-flex wp-container-core-columns-is-layout-28f84493 wp-block-columns-is-layout-flex\" style=\"border-width:1px\">\n<div class=\"wp-block-column is-vertically-aligned-center is-layout-flow wp-block-column-is-layout-flow\" style=\"flex-basis:33.33%\">\n<p>FINALIDAD<\/p>\n<\/div>\n\n\n\n<div class=\"wp-block-column is-vertically-aligned-center is-layout-flow wp-block-column-is-layout-flow\" style=\"flex-basis:66.66%\">\n<ul class=\"wp-block-list\">\n<li><strong>Actividad principal<\/strong>: Restauraci\u00f3n.<\/li>\n\n\n\n<li>La informaci\u00f3n aportada al formulario de contacto, o en su caso al registro como usuario, se entiende comunicada de modo veraz por parte del usuario de la web y solo ser\u00e1 recabada la\u00a0<strong>adecuada, pertinente y no excesiva<\/strong>\u00a0para atenderle como cliente y prestarle de forma correcta los servicios contratados, pero tambi\u00e9n en caso de contar con su consentimiento expreso, que podr\u00e1 otorgar al final de este documento, para gestionar lista de suscripciones, seguimientos, enviar boletines, promociones y ofertas especiales. Igualmente, para moderar y responder a comentarios de los usuarios de la web.<\/li>\n\n\n\n<li>No ser\u00e1 utilizada para cumplir\u00a0<strong>finalidades incompatibles<\/strong>\u00a0con aquellas para las que nos la ha proporcionado. Si fuese a ser utilizada para una finalidad incompatible, se le proporcionar\u00e1 informaci\u00f3n, adem\u00e1s de solicitarle su consentimiento para ello.<\/li>\n\n\n\n<li>No utilizaremos sus datos personales con la finalidad de tomar decisiones,\u00a0<strong>basadas exclusivamente en el tratamiento automatizado sus datos<\/strong>, que puedan producir alg\u00fan efecto jur\u00eddico, salvo que sea necesaria para celebrar un contrato, lo consienta expl\u00edcitamente o lo autorice la Ley. Le garantizamos que respetamos las condiciones de uso establecidas legalmente y podremos desarrollar herramientas y algoritmos que ayuden a la web a garantizar confidencialidad de los datos que recoge.<\/li>\n\n\n\n<li>Los datos personales son recabados habitualmente por diversas v\u00edas diversas en formato papel o electr\u00f3nico. Para el caso de que cont\u00e1ramos con informaci\u00f3n que pudiera provenir de terceras personas, le informaremos en la primera comunicaci\u00f3n o en un mes de plazo m\u00e1ximo. Con el fin de poder ofrecerle productos y servicios de acuerdo con sus intereses podremos elaborar un\u00a0<strong>perfil comercial<\/strong>, con base en dicha informaci\u00f3n.<\/li>\n\n\n\n<li>Toda su informaci\u00f3n ser\u00e1 archivada en nuestros servidores y formar\u00e1n parte de nuestros\u00a0 Registros de Actividades de Tratamiento.<\/li>\n<\/ul>\n<\/div>\n<\/div>\n\n\n\n<div class=\"wp-block-columns alignwide are-vertically-aligned-center is-not-stacked-on-mobile is-layout-flex wp-container-core-columns-is-layout-28f84493 wp-block-columns-is-layout-flex\" style=\"border-width:1px\">\n<div class=\"wp-block-column is-vertically-aligned-center is-layout-flow wp-block-column-is-layout-flow\" style=\"flex-basis:33.33%\">\n<p>LEGITIMACI\u00d3N<\/p>\n<\/div>\n\n\n\n<div class=\"wp-block-column is-vertically-aligned-center is-layout-flow wp-block-column-is-layout-flow\" style=\"flex-basis:66.66%\">\n<ul class=\"wp-block-list\">\n<li>Consentimiento del Interesado.<\/li>\n\n\n\n<li>Ejecuci\u00f3n de un Contrato.<\/li>\n\n\n\n<li>Cumplimiento de una Obligaci\u00f3n legal.<\/li>\n\n\n\n<li>Cualesquiera derivadas de la ejecuci\u00f3n del contrato.<\/li>\n\n\n\n<li>Inter\u00e9s P\u00fablico o ejercicio de Poderes P\u00fablicos.<\/li>\n\n\n\n<li>Inter\u00e9s leg\u00edtimo del responsable, o de un tercero.<\/li>\n\n\n\n<li>Protecci\u00f3n de intereses vitales del interesado o de otra persona.<\/li>\n<\/ul>\n<\/div>\n<\/div>\n\n\n\n<div class=\"wp-block-columns alignwide are-vertically-aligned-center is-not-stacked-on-mobile is-layout-flex wp-container-core-columns-is-layout-28f84493 wp-block-columns-is-layout-flex\" style=\"border-width:1px\">\n<div class=\"wp-block-column is-vertically-aligned-center is-layout-flow wp-block-column-is-layout-flow\" style=\"flex-basis:33.33%\">\n<p>CONSERVACI\u00d3N<\/p>\n<\/div>\n\n\n\n<div class=\"wp-block-column is-vertically-aligned-center is-layout-flow wp-block-column-is-layout-flow\" style=\"flex-basis:66.66%\">\n<p>Sus datos\u00a0<strong>ser\u00e1n conservados<\/strong>\u00a0durante el tiempo necesario para cumplir con el servicio solicitado. Una vez cumplida dicha finalidad sus datos ser\u00e1n conservados debidamente bloqueados para poder cumplir con las obligaciones que legalmente vengan impuestas al responsable por la legislaci\u00f3n vigente. Transcurridos dichos plazos, sus datos ser\u00e1n borrados definitivamente salvo que nos solicite expresamente la portabilidad a tercero.<\/p>\n<\/div>\n<\/div>\n\n\n\n<div class=\"wp-block-columns alignwide are-vertically-aligned-center is-not-stacked-on-mobile is-layout-flex wp-container-core-columns-is-layout-28f84493 wp-block-columns-is-layout-flex\" style=\"border-width:1px\">\n<div class=\"wp-block-column is-vertically-aligned-center is-layout-flow wp-block-column-is-layout-flow\" style=\"flex-basis:33.33%\">\n<p>DESTINATARIOS<\/p>\n<\/div>\n\n\n\n<div class=\"wp-block-column is-vertically-aligned-center is-layout-flow wp-block-column-is-layout-flow\" style=\"flex-basis:66.66%\">\n<ul class=\"wp-block-list\">\n<li>Hacienda P\u00fablica, Tesorer\u00eda General de la Seguridad Social o entidades Colaboradoras, u otras, por tratarse de un requisito legal.<\/li>\n\n\n\n<li>Tribunales de Justicia, Ministerio Fiscal o Fuerzas y Cuerpos de Seguridad del Estado, u otras, por tratarse de un requisito legal.<\/li>\n\n\n\n<li>Servicios fiscales y laborales.<\/li>\n\n\n\n<li>Servicios de consultor\u00eda.<\/li>\n\n\n\n<li>Servicios inform\u00e1ticos.<\/li>\n\n\n\n<li>Transferencias Internaciones.<\/li>\n<\/ul>\n<\/div>\n<\/div>\n\n\n\n<div class=\"wp-block-columns alignwide are-vertically-aligned-center is-not-stacked-on-mobile is-layout-flex wp-container-core-columns-is-layout-28f84493 wp-block-columns-is-layout-flex\" style=\"border-width:1px\">\n<div class=\"wp-block-column is-vertically-aligned-center is-layout-flow wp-block-column-is-layout-flow\" style=\"flex-basis:33.33%\">\n<p>DERECHOS<\/p>\n<\/div>\n\n\n\n<div class=\"wp-block-column is-vertically-aligned-center is-layout-flow wp-block-column-is-layout-flow\" style=\"flex-basis:66.66%\">\n<ul class=\"wp-block-list\">\n<li>Puede ejercer sus derechos de acceso, rectificaci\u00f3n, supresi\u00f3n y portabilidad de sus datos, y la limitaci\u00f3n u oposici\u00f3n al tratamiento en info@elfogondemariana.com.<\/li>\n\n\n\n<li>Igualmente si se encuentra en desacuerdo respecto a la gesti\u00f3n de la informaci\u00f3n tiene derecho a reclamar ante la Autoridad de Control en www.agpd.es<\/li>\n<\/ul>\n<\/div>\n<\/div>\n\n\n\n<div class=\"wp-block-columns alignwide are-vertically-aligned-center is-not-stacked-on-mobile is-layout-flex wp-container-core-columns-is-layout-28f84493 wp-block-columns-is-layout-flex\" style=\"border-width:1px\">\n<div class=\"wp-block-column is-vertically-aligned-center is-layout-flow wp-block-column-is-layout-flow\" style=\"flex-basis:33.33%\">\n<p>PROCEDENCIA<\/p>\n<\/div>\n\n\n\n<div class=\"wp-block-column is-vertically-aligned-center is-layout-flow wp-block-column-is-layout-flow\" style=\"flex-basis:66.66%\">\n<p>Los datos objeto de tratamiento proceden del interesado.<\/p>\n<\/div>\n<\/div>\n\n\n\n<div class=\"wp-block-columns alignwide are-vertically-aligned-center is-not-stacked-on-mobile is-layout-flex wp-container-core-columns-is-layout-28f84493 wp-block-columns-is-layout-flex\" style=\"border-width:1px\">\n<div class=\"wp-block-column is-vertically-aligned-center is-layout-flow wp-block-column-is-layout-flow\" style=\"flex-basis:33.33%\">\n<p>NORMATIVA<\/p>\n<\/div>\n\n\n\n<div class=\"wp-block-column is-vertically-aligned-center is-layout-flow wp-block-column-is-layout-flow\" style=\"flex-basis:66.66%\">\n<p>Reglamento General de Protecci\u00f3n de Datos 2016\/679<\/p>\n<\/div>\n<\/div>\n\n\n\n<p><\/p>","protected":false},"excerpt":{"rendered":"<p>Aviso Legal y Privacidad De conformidad con la Ley 34\/2002 de 11 de julio y dem\u00e1s legislaci\u00f3n concordante, EL FOG\u00d3N [&hellip;]<\/p>\n","protected":false},"author":1,"featured_media":0,"parent":0,"menu_order":0,"comment_status":"closed","ping_status":"open","template":"","meta":{"_acf_changed":false,"inline_featured_image":false,"site-sidebar-layout":"default","site-content-layout":"","ast-site-content-layout":"default","site-content-style":"default","site-sidebar-style":"default","ast-global-header-display":"","ast-banner-title-visibility":"","ast-main-header-display":"","ast-hfb-above-header-display":"","ast-hfb-below-header-display":"","ast-hfb-mobile-header-display":"","site-post-title":"","ast-breadcrumbs-content":"","ast-featured-img":"","footer-sml-layout":"","ast-disable-related-posts":"","theme-transparent-header-meta":"","adv-header-id-meta":"","stick-header-meta":"","header-above-stick-meta":"","header-main-stick-meta":"","header-below-stick-meta":"","astra-migrate-meta-layouts":"default","ast-page-background-enabled":"default","ast-page-background-meta":{"desktop":{"background-color":"var(--ast-global-color-4)","background-image":"","background-repeat":"repeat","background-position":"center center","background-size":"auto","background-attachment":"scroll","background-type":"","background-media":"","overlay-type":"","overlay-color":"","overlay-opacity":"","overlay-gradient":""},"tablet":{"background-color":"","background-image":"","background-repeat":"repeat","background-position":"center center","background-size":"auto","background-attachment":"scroll","background-type":"","background-media":"","overlay-type":"","overlay-color":"","overlay-opacity":"","overlay-gradient":""},"mobile":{"background-color":"","background-image":"","background-repeat":"repeat","background-position":"center center","background-size":"auto","background-attachment":"scroll","background-type":"","background-media":"","overlay-type":"","overlay-color":"","overlay-opacity":"","overlay-gradient":""}},"ast-content-background-meta":{"desktop":{"background-color":"var(--ast-global-color-5)","background-image":"","background-repeat":"repeat","background-position":"center center","background-size":"auto","background-attachment":"scroll","background-type":"","background-media":"","overlay-type":"","overlay-color":"","overlay-opacity":"","overlay-gradient":""},"tablet":{"background-color":"var(--ast-global-color-5)","background-image":"","background-repeat":"repeat","background-position":"center center","background-size":"auto","background-attachment":"scroll","background-type":"","background-media":"","overlay-type":"","overlay-color":"","overlay-opacity":"","overlay-gradient":""},"mobile":{"background-color":"var(--ast-global-color-5)","background-image":"","background-repeat":"repeat","background-position":"center center","background-size":"auto","background-attachment":"scroll","background-type":"","background-media":"","overlay-type":"","overlay-color":"","overlay-opacity":"","overlay-gradient":""}},"footnotes":""},"class_list":["post-3","page","type-page","status-publish","hentry"],"acf":[],"yoast_head":"<!-- This site is optimized with the Yoast SEO plugin v27.3 - https:\/\/yoast.com\/product\/yoast-seo-wordpress\/ -->\n<title>Pol\u00edtica de privacidad - Fog\u00f3n de Mariana<\/title>\n<meta name=\"robots\" content=\"noindex, nofollow\" \/>\n<meta property=\"og:locale\" content=\"en_GB\" \/>\n<meta property=\"og:type\" content=\"article\" \/>\n<meta property=\"og:title\" content=\"Pol\u00edtica de privacidad - Fog\u00f3n de Mariana\" \/>\n<meta property=\"og:description\" content=\"Aviso Legal y Privacidad De conformidad con la Ley 34\/2002 de 11 de julio y dem\u00e1s legislaci\u00f3n concordante, EL FOG\u00d3N [&hellip;]\" \/>\n<meta property=\"og:url\" content=\"https:\/\/fogondemariana.com\/en\/politica-privacidad\/\" \/>\n<meta property=\"og:site_name\" content=\"Fog\u00f3n de Mariana\" \/>\n<meta property=\"article:modified_time\" content=\"2024-06-25T09:52:17+00:00\" \/>\n<meta name=\"twitter:card\" content=\"summary_large_image\" \/>\n<meta name=\"twitter:label1\" content=\"Estimated reading time\" \/>\n\t<meta name=\"twitter:data1\" content=\"4 minutes\" \/>\n<script type=\"application\/ld+json\" class=\"yoast-schema-graph\">{\"@context\":\"https:\\\/\\\/schema.org\",\"@graph\":[{\"@type\":\"WebPage\",\"@id\":\"https:\\\/\\\/fogondemariana.com\\\/politica-privacidad\\\/\",\"url\":\"https:\\\/\\\/fogondemariana.com\\\/politica-privacidad\\\/\",\"name\":\"Pol\u00edtica de privacidad - Fog\u00f3n de Mariana\",\"isPartOf\":{\"@id\":\"https:\\\/\\\/fogondemariana.com\\\/#website\"},\"datePublished\":\"2024-03-18T11:22:03+00:00\",\"dateModified\":\"2024-06-25T09:52:17+00:00\",\"breadcrumb\":{\"@id\":\"https:\\\/\\\/fogondemariana.com\\\/politica-privacidad\\\/#breadcrumb\"},\"inLanguage\":\"en-GB\",\"potentialAction\":[{\"@type\":\"ReadAction\",\"target\":[\"https:\\\/\\\/fogondemariana.com\\\/politica-privacidad\\\/\"]}]},{\"@type\":\"BreadcrumbList\",\"@id\":\"https:\\\/\\\/fogondemariana.com\\\/politica-privacidad\\\/#breadcrumb\",\"itemListElement\":[{\"@type\":\"ListItem\",\"position\":1,\"name\":\"Portada\",\"item\":\"https:\\\/\\\/fogondemariana.com\\\/\"},{\"@type\":\"ListItem\",\"position\":2,\"name\":\"Pol\u00edtica de privacidad\"}]},{\"@type\":\"WebSite\",\"@id\":\"https:\\\/\\\/fogondemariana.com\\\/#website\",\"url\":\"https:\\\/\\\/fogondemariana.com\\\/\",\"name\":\"Fog\u00f3n de Mariana\",\"description\":\"Fog\u00f3n de Mariana\",\"publisher\":{\"@id\":\"https:\\\/\\\/fogondemariana.com\\\/#organization\"},\"potentialAction\":[{\"@type\":\"SearchAction\",\"target\":{\"@type\":\"EntryPoint\",\"urlTemplate\":\"https:\\\/\\\/fogondemariana.com\\\/?s={search_term_string}\"},\"query-input\":{\"@type\":\"PropertyValueSpecification\",\"valueRequired\":true,\"valueName\":\"search_term_string\"}}],\"inLanguage\":\"en-GB\"},{\"@type\":\"Organization\",\"@id\":\"https:\\\/\\\/fogondemariana.com\\\/#organization\",\"name\":\"Fog\u00f3n de Mariana\",\"url\":\"https:\\\/\\\/fogondemariana.com\\\/\",\"logo\":{\"@type\":\"ImageObject\",\"inLanguage\":\"en-GB\",\"@id\":\"https:\\\/\\\/fogondemariana.com\\\/#\\\/schema\\\/logo\\\/image\\\/\",\"url\":\"https:\\\/\\\/fogondemariana.com\\\/wp-content\\\/uploads\\\/2024\\\/04\\\/FOGON-LOGO-FOOTER-TRANS-scaled.png\",\"contentUrl\":\"https:\\\/\\\/fogondemariana.com\\\/wp-content\\\/uploads\\\/2024\\\/04\\\/FOGON-LOGO-FOOTER-TRANS-scaled.png\",\"width\":2560,\"height\":835,\"caption\":\"Fog\u00f3n de Mariana\"},\"image\":{\"@id\":\"https:\\\/\\\/fogondemariana.com\\\/#\\\/schema\\\/logo\\\/image\\\/\"}}]}<\/script>\n<!-- \/ Yoast SEO plugin. -->","yoast_head_json":{"title":"Pol\u00edtica de privacidad - Fog\u00f3n de Mariana","robots":{"index":"noindex","follow":"nofollow"},"og_locale":"en_GB","og_type":"article","og_title":"Pol\u00edtica de privacidad - Fog\u00f3n de Mariana","og_description":"Aviso Legal y Privacidad De conformidad con la Ley 34\/2002 de 11 de julio y dem\u00e1s legislaci\u00f3n concordante, EL FOG\u00d3N [&hellip;]","og_url":"https:\/\/fogondemariana.com\/en\/politica-privacidad\/","og_site_name":"Fog\u00f3n de Mariana","article_modified_time":"2024-06-25T09:52:17+00:00","twitter_card":"summary_large_image","twitter_misc":{"Estimated reading time":"4 minutes"},"schema":{"@context":"https:\/\/schema.org","@graph":[{"@type":"WebPage","@id":"https:\/\/fogondemariana.com\/politica-privacidad\/","url":"https:\/\/fogondemariana.com\/politica-privacidad\/","name":"Pol\u00edtica de privacidad - Fog\u00f3n de Mariana","isPartOf":{"@id":"https:\/\/fogondemariana.com\/#website"},"datePublished":"2024-03-18T11:22:03+00:00","dateModified":"2024-06-25T09:52:17+00:00","breadcrumb":{"@id":"https:\/\/fogondemariana.com\/politica-privacidad\/#breadcrumb"},"inLanguage":"en-GB","potentialAction":[{"@type":"ReadAction","target":["https:\/\/fogondemariana.com\/politica-privacidad\/"]}]},{"@type":"BreadcrumbList","@id":"https:\/\/fogondemariana.com\/politica-privacidad\/#breadcrumb","itemListElement":[{"@type":"ListItem","position":1,"name":"Portada","item":"https:\/\/fogondemariana.com\/"},{"@type":"ListItem","position":2,"name":"Pol\u00edtica de privacidad"}]},{"@type":"WebSite","@id":"https:\/\/fogondemariana.com\/#website","url":"https:\/\/fogondemariana.com\/","name":"Fog\u00f3n de Mariana","description":"Fog\u00f3n de Mariana","publisher":{"@id":"https:\/\/fogondemariana.com\/#organization"},"potentialAction":[{"@type":"SearchAction","target":{"@type":"EntryPoint","urlTemplate":"https:\/\/fogondemariana.com\/?s={search_term_string}"},"query-input":{"@type":"PropertyValueSpecification","valueRequired":true,"valueName":"search_term_string"}}],"inLanguage":"en-GB"},{"@type":"Organization","@id":"https:\/\/fogondemariana.com\/#organization","name":"Fog\u00f3n de Mariana","url":"https:\/\/fogondemariana.com\/","logo":{"@type":"ImageObject","inLanguage":"en-GB","@id":"https:\/\/fogondemariana.com\/#\/schema\/logo\/image\/","url":"https:\/\/fogondemariana.com\/wp-content\/uploads\/2024\/04\/FOGON-LOGO-FOOTER-TRANS-scaled.png","contentUrl":"https:\/\/fogondemariana.com\/wp-content\/uploads\/2024\/04\/FOGON-LOGO-FOOTER-TRANS-scaled.png","width":2560,"height":835,"caption":"Fog\u00f3n de Mariana"},"image":{"@id":"https:\/\/fogondemariana.com\/#\/schema\/logo\/image\/"}}]}},"_links":{"self":[{"href":"https:\/\/fogondemariana.com\/en\/wp-json\/wp\/v2\/pages\/3","targetHints":{"allow":["GET"]}}],"collection":[{"href":"https:\/\/fogondemariana.com\/en\/wp-json\/wp\/v2\/pages"}],"about":[{"href":"https:\/\/fogondemariana.com\/en\/wp-json\/wp\/v2\/types\/page"}],"author":[{"embeddable":true,"href":"https:\/\/fogondemariana.com\/en\/wp-json\/wp\/v2\/users\/1"}],"replies":[{"embeddable":true,"href":"https:\/\/fogondemariana.com\/en\/wp-json\/wp\/v2\/comments?post=3"}],"version-history":[{"count":1,"href":"https:\/\/fogondemariana.com\/en\/wp-json\/wp\/v2\/pages\/3\/revisions"}],"predecessor-version":[{"id":1168,"href":"https:\/\/fogondemariana.com\/en\/wp-json\/wp\/v2\/pages\/3\/revisions\/1168"}],"wp:attachment":[{"href":"https:\/\/fogondemariana.com\/en\/wp-json\/wp\/v2\/media?parent=3"}],"curies":[{"name":"wp","href":"https:\/\/api.w.org\/{rel}","templated":true}]}}